{"id":1425,"date":"2021-03-26T01:39:45","date_gmt":"2021-03-26T00:39:45","guid":{"rendered":"https:\/\/geoptima.ma\/?page_id=1425"},"modified":"2022-04-10T01:29:35","modified_gmt":"2022-04-10T00:29:35","slug":"systeme-dinformation-geographique","status":"publish","type":"page","link":"https:\/\/geoptima.ma\/?page_id=1425","title":{"rendered":"Syst\u00e8me d&rsquo;information g\u00e9ographique"},"content":{"rendered":"\t\t<div data-elementor-type=\"wp-page\" data-elementor-id=\"1425\" class=\"elementor elementor-1425\">\n\t\t\t\t\t\t<div class=\"elementor-section elementor-top-section elementor-element elementor-element-1d305963 elementor-section-boxed elementor-section-height-default elementor-section-height-default\" data-id=\"1d305963\" data-element_type=\"section\" data-e-type=\"section\" data-settings=\"{&quot;background_background&quot;:&quot;classic&quot;}\">\n\t\t\t\t\t\t<div class=\"elementor-container elementor-column-gap-default\">\n\t\t\t\t\t<div class=\"elementor-column elementor-col-100 elementor-top-column elementor-element elementor-element-2b615af9\" data-id=\"2b615af9\" data-element_type=\"column\" data-e-type=\"column\">\n\t\t\t<div class=\"elementor-widget-wrap elementor-element-populated\">\n\t\t\t\t\t\t<div class=\"elementor-section elementor-inner-section elementor-element elementor-element-6ed6ab6 elementor-section-boxed elementor-section-height-default elementor-section-height-default\" data-id=\"6ed6ab6\" data-element_type=\"section\" data-e-type=\"section\">\n\t\t\t\t\t\t<div class=\"elementor-container elementor-column-gap-default\">\n\t\t\t\t\t<div class=\"elementor-column elementor-col-50 elementor-inner-column elementor-element elementor-element-27a3986\" data-id=\"27a3986\" data-element_type=\"column\" data-e-type=\"column\" data-settings=\"{&quot;background_background&quot;:&quot;classic&quot;}\">\n\t\t\t<div class=\"elementor-widget-wrap\">\n\t\t\t\t\t\t\t<\/div>\n\t\t<\/div>\n\t\t\t\t<div class=\"elementor-column elementor-col-50 elementor-inner-column elementor-element elementor-element-4d22468c\" data-id=\"4d22468c\" data-element_type=\"column\" data-e-type=\"column\">\n\t\t\t<div class=\"elementor-widget-wrap elementor-element-populated\">\n\t\t\t\t\t\t<div class=\"elementor-element elementor-element-3c904fa4 animated-fast elementor-invisible elementor-widget elementor-widget-heading\" data-id=\"3c904fa4\" data-element_type=\"widget\" data-e-type=\"widget\" data-settings=\"{&quot;_animation&quot;:&quot;fadeInUp&quot;}\" data-widget_type=\"heading.default\">\n\t\t\t\t<div class=\"elementor-widget-container\">\n\t\t\t\t\t<h5 class=\"elementor-heading-title elementor-size-default\">Geoptima services<\/h5>\t\t\t\t<\/div>\n\t\t\t\t<\/div>\n\t\t\t\t<div class=\"elementor-element elementor-element-3601ef04 animated-fast elementor-invisible elementor-widget elementor-widget-heading\" data-id=\"3601ef04\" data-element_type=\"widget\" data-e-type=\"widget\" data-settings=\"{&quot;_animation&quot;:&quot;fadeInUp&quot;,&quot;_animation_delay&quot;:100}\" data-widget_type=\"heading.default\">\n\t\t\t\t<div class=\"elementor-widget-container\">\n\t\t\t\t\t<h2 class=\"elementor-heading-title elementor-size-default\">Syst\u00e8me D'information G\u00e9ographique<\/h2>\t\t\t\t<\/div>\n\t\t\t\t<\/div>\n\t\t\t\t<div class=\"elementor-element elementor-element-722650e4 animated-fast elementor-invisible elementor-widget elementor-widget-text-editor\" data-id=\"722650e4\" data-element_type=\"widget\" data-e-type=\"widget\" data-settings=\"{&quot;_animation&quot;:&quot;fadeInUp&quot;,&quot;_animation_delay&quot;:500}\" data-widget_type=\"text-editor.default\">\n\t\t\t\t<div class=\"elementor-widget-container\">\n\t\t\t\t\t\t\t\t\t<p>Les syst\u00e8mes d&rsquo;information G\u00e9ographique SIG sont devenus un outil incontournable de prise de d\u00e9cision et de gestion de patrimoine foncier et technique. Dans cette optique nous assurons la conception et l\u2019impl\u00e9mentation de SIG \u00ab\u00a0 cl\u00e9s en main\u00ab\u00a0 sur mesure. Nous pouvons \u00e9galement d\u00e9velopper et enrichir vos SIG existants.<\/p>\t\t\t\t\t\t\t\t<\/div>\n\t\t\t\t<\/div>\n\t\t\t\t\t<\/div>\n\t\t<\/div>\n\t\t\t\t\t<\/div>\n\t\t<\/div>\n\t\t\t\t\t<\/div>\n\t\t<\/div>\n\t\t\t\t\t<\/div>\n\t\t<\/div>\n\t\t\t\t<section class=\"elementor-section elementor-top-section elementor-element elementor-element-7f845745 elementor-section-boxed elementor-section-height-default elementor-section-height-default\" data-id=\"7f845745\" data-element_type=\"section\" data-e-type=\"section\" data-settings=\"{&quot;background_background&quot;:&quot;classic&quot;}\">\n\t\t\t\t\t\t<div class=\"elementor-container elementor-column-gap-default\">\n\t\t\t\t\t<div class=\"elementor-column elementor-col-100 elementor-top-column elementor-element elementor-element-7a94f825\" data-id=\"7a94f825\" data-element_type=\"column\" data-e-type=\"column\">\n\t\t\t<div class=\"elementor-widget-wrap elementor-element-populated\">\n\t\t\t\t\t\t<div class=\"elementor-element elementor-element-1689c886 elementor-invisible elementor-widget elementor-widget-heading\" data-id=\"1689c886\" data-element_type=\"widget\" data-e-type=\"widget\" data-settings=\"{&quot;_animation&quot;:&quot;fadeInUp&quot;}\" data-widget_type=\"heading.default\">\n\t\t\t\t<div class=\"elementor-widget-container\">\n\t\t\t\t\t<h4 class=\"elementor-heading-title elementor-size-default\">Inscrivez-vous aux derni\u00e8res mises \u00e0 jour<\/h4>\t\t\t\t<\/div>\n\t\t\t\t<\/div>\n\t\t\t\t<div class=\"elementor-element elementor-element-2fcc6ec7 elementor-widget elementor-widget-metform\" data-id=\"2fcc6ec7\" data-element_type=\"widget\" data-e-type=\"widget\" data-widget_type=\"metform.default\">\n\t\t\t\t<div class=\"elementor-widget-container\">\n\t\t\t\t\t<div id=\"mf-response-props-id-2932\" data-previous-steps-style=\"\" data-editswitchopen=\"\" data-response_type=\"alert\" data-erroricon=\"fas fa-exclamation-triangle\" data-successicon=\"fas fa-check\" data-messageposition=\"top\" class=\"   mf-scroll-top-no\">\n\t\t<div class=\"formpicker_warper formpicker_warper_editable\" data-metform-formpicker-key=\"2932\" >\n\t\t\t\t\n\t\t\t<div class=\"mf-widget-container\">\n\t\t\t\t\r\n\t\t<div\r\n\t\t\tid=\"metform-wrap-2fcc6ec7-2932\"\r\n\t\t\tclass=\"mf-form-wrapper\"\r\n\t\t\tdata-form-id=\"2932\"\r\n\t\t\tdata-action=\"https:\/\/geoptima.ma\/index.php?rest_route=\/metform\/v1\/entries\/insert\/2932\"\r\n\t\t\tdata-wp-nonce=\"d6fad355e2\"\r\n\t\t\tdata-form-nonce=\"c692913e96\"\r\n\t\t\tdata-quiz-summery = \"false\"\r\n\t\t\tdata-save-progress = \"false\"\r\n\t\t\tdata-form-type=\"contact_form\"\r\n\t\t\tdata-stop-vertical-effect=\"\"\r\n\t\t\t><\/div>\r\n\r\n\r\n\t\t<!----------------------------- \r\n\t\t\t* controls_data : find the the props passed indie of data attribute\r\n\t\t\t* props.SubmitResponseMarkup : contains the markup of error or success message\r\n\t\t\t* https:\/\/developer.mozilla.org\/en-US\/docs\/Web\/JavaScript\/Reference\/Template_literals\r\n\t\t--------------------------- -->\r\n\r\n\t\t\t\t<script type=\"text\/mf\" class=\"mf-template\">\r\n\t\t\tfunction controls_data (value){\r\n\t\t\t\tlet currentWrapper = \"mf-response-props-id-2932\";\r\n\t\t\t\tlet currentEl = document.getElementById(currentWrapper);\r\n\t\t\t\t\r\n\t\t\t\treturn currentEl ? currentEl.dataset[value] : false\r\n\t\t\t}\r\n\r\n\r\n\t\t\tlet is_edit_mode = '' ? true : false;\r\n\t\t\tlet message_position = controls_data('messageposition') || 'top';\r\n\r\n\t\t\t\r\n\t\t\tlet message_successIcon = controls_data('successicon') || '';\r\n\t\t\tlet message_errorIcon = controls_data('erroricon') || '';\r\n\t\t\tlet message_editSwitch = controls_data('editswitchopen') === 'yes' ? true : false;\r\n\t\t\tlet message_proClass = controls_data('editswitchopen') === 'yes' ? 'mf_pro_activated' : '';\r\n\t\t\t\r\n\t\t\tlet is_dummy_markup = is_edit_mode && message_editSwitch ? true : false;\r\n\r\n\t\t\t\r\n\t\t\treturn html`\r\n\t\t\t\t<form\r\n\t\t\t\t\tclassName=\"metform-form-content\"\r\n\t\t\t\t\tref=${parent.formContainerRef}\r\n\t\t\t\t\tonSubmit=${ validation.handleSubmit( parent.handleFormSubmit ) }\r\n\t\t\t\t\r\n\t\t\t\t\t>\r\n\t\t\t\r\n\t\t\t\r\n\t\t\t\t\t${is_dummy_markup ? message_position === 'top' ?  props.ResponseDummyMarkup(message_successIcon, message_proClass) : '' : ''}\r\n\t\t\t\t\t${is_dummy_markup ? ' ' :  message_position === 'top' ? props.SubmitResponseMarkup`${parent}${state}${message_successIcon}${message_errorIcon}${message_proClass}` : ''}\r\n\r\n\t\t\t\t\t<!--------------------------------------------------------\r\n\t\t\t\t\t*** IMPORTANT \/ DANGEROUS ***\r\n\t\t\t\t\t${html``} must be used as in immediate child of \"metform-form-main-wrapper\"\r\n\t\t\t\t\tclass otherwise multistep form will not run at all\r\n\t\t\t\t\t---------------------------------------------------------->\r\n\r\n\t\t\t\t\t<div className=\"metform-form-main-wrapper\" key=${'hide-form-after-submit'} ref=${parent.formRef}>\r\n\t\t\t\t\t${html`\r\n\t\t\t\t\t\t\t\t<div data-elementor-type=\"wp-post\" key=\"2\" data-elementor-id=\"2932\" className=\"elementor elementor-2932\">\n\t\t\t\t\t\t<section className=\"elementor-section elementor-top-section elementor-element elementor-element-d0f5ad8 elementor-section-boxed elementor-section-height-default elementor-section-height-default\" data-id=\"d0f5ad8\" data-element_type=\"section\" data-e-type=\"section\">\n\t\t\t\t\t\t<div className=\"elementor-container elementor-column-gap-default\">\n\t\t\t\t\t<div className=\"elementor-column elementor-col-100 elementor-top-column elementor-element elementor-element-095b25a\" data-id=\"095b25a\" data-element_type=\"column\" data-e-type=\"column\">\n\t\t\t<div className=\"elementor-widget-wrap elementor-element-populated\">\n\t\t\t\t\t\t<div className=\"elementor-element elementor-element-0adaf1a elementor-widget elementor-widget-mf-email\" data-id=\"0adaf1a\" data-element_type=\"widget\" data-e-type=\"widget\" data-settings=\"{&quot;mf_input_name&quot;:&quot;mf-email&quot;}\" data-widget_type=\"mf-email.default\">\n\t\t\t\t<div className=\"elementor-widget-container\">\n\t\t\t\t\t\r\n\t\t<div className=\"mf-input-wrapper\">\r\n\t\t\t\r\n\t\t\t<input \r\n\t\t\t\ttype=\"email\" \r\n\t\t\t\t \r\n\t\t\t\tdefaultValue=\"\" \r\n\t\t\t\tclassName=\"mf-input \" \r\n\t\t\t\tid=\"mf-input-email-0adaf1a\" \r\n\t\t\t\tname=\"mf-email\" \r\n\t\t\t\tplaceholder=\"${ parent.decodeEntities(`Votre E-mail`) } \" \r\n\t\t\t\t \r\n\t\t\t\tonBlur=${parent.handleChange} onFocus=${parent.handleChange} aria-invalid=${validation.errors['mf-email'] ? 'true' : 'false' } \r\n\t\t\t\tref=${el=> parent.activateValidation({\"message\":\"Ce champ est n\\u00e9cessaire.\",\"emailMessage\":\"Veuillez saisir une adresse de messagerie valide\",\"minLength\":1,\"maxLength\":\"\",\"type\":\"none\",\"required\":false,\"expression\":\"null\"}, el)}\r\n\t\t\t\t\t\t\t\/>\r\n\r\n\t\t\t\t\t\t<${validation.ErrorMessage} \r\n\t\t\t\terrors=${validation.errors} \r\n\t\t\t\tname=\"mf-email\" \r\n\t\t\t\tas=${html`<span className=\"mf-error-message\"><\/span>`}\r\n\t\t\t\/>\r\n\t\t\t\r\n\t\t\t\t\t<\/div>\r\n\r\n\t\t\t\t<\/div>\n\t\t\t\t<\/div>\n\t\t\t\t\t<\/div>\n\t\t<\/div>\n\t\t\t\t\t<\/div>\n\t\t<\/section>\n\t\t\t\t<\/div>\n\t\t\t\t\t\t\t`}\r\n\t\t\t\t\t<\/div>\r\n\r\n\t\t\t\t\t${is_dummy_markup ? message_position === 'bottom' ? props.ResponseDummyMarkup(message_successIcon, message_proClass) : '' : ''}\r\n\t\t\t\t\t${is_dummy_markup ? ' ' : message_position === 'bottom' ? props.SubmitResponseMarkup`${parent}${state}${message_successIcon}${message_errorIcon}${message_proClass}` : ''}\r\n\t\t\t\t\r\n\t\t\t\t<\/form>\r\n\t\t\t`\r\n\t\t<\/script>\r\n\r\n\t\t\t\t\t<\/div>\n\t\t<\/div>\n\t\t<\/div>\t\t\t\t<\/div>\n\t\t\t\t<\/div>\n\t\t\t\t\t<\/div>\n\t\t<\/div>\n\t\t\t\t\t<\/div>\n\t\t<\/section>\n\t\t\t\t<\/div>\n\t\t","protected":false},"excerpt":{"rendered":"<p>Geoptima services Syst\u00e8me D&rsquo;information G\u00e9ographique Les syst\u00e8mes d&rsquo;information G\u00e9ographique SIG sont devenus un outil incontournable de prise de d\u00e9cision et de gestion de patrimoine foncier et technique. Dans cette optique nous assurons la conception et l\u2019impl\u00e9mentation de SIG \u00ab\u00a0 cl\u00e9s en main\u00ab\u00a0 sur mesure. Nous pouvons \u00e9galement d\u00e9velopper et enrichir vos SIG existants. Inscrivez-vous aux [&hellip;]<\/p>\n","protected":false},"author":3,"featured_media":0,"parent":32,"menu_order":2,"comment_status":"closed","ping_status":"closed","template":"","meta":{"footnotes":""},"class_list":["post-1425","page","type-page","status-publish","hentry"],"_links":{"self":[{"href":"https:\/\/geoptima.ma\/index.php?rest_route=\/wp\/v2\/pages\/1425","targetHints":{"allow":["GET"]}}],"collection":[{"href":"https:\/\/geoptima.ma\/index.php?rest_route=\/wp\/v2\/pages"}],"about":[{"href":"https:\/\/geoptima.ma\/index.php?rest_route=\/wp\/v2\/types\/page"}],"author":[{"embeddable":true,"href":"https:\/\/geoptima.ma\/index.php?rest_route=\/wp\/v2\/users\/3"}],"replies":[{"embeddable":true,"href":"https:\/\/geoptima.ma\/index.php?rest_route=%2Fwp%2Fv2%2Fcomments&post=1425"}],"version-history":[{"count":0,"href":"https:\/\/geoptima.ma\/index.php?rest_route=\/wp\/v2\/pages\/1425\/revisions"}],"up":[{"embeddable":true,"href":"https:\/\/geoptima.ma\/index.php?rest_route=\/wp\/v2\/pages\/32"}],"wp:attachment":[{"href":"https:\/\/geoptima.ma\/index.php?rest_route=%2Fwp%2Fv2%2Fmedia&parent=1425"}],"curies":[{"name":"wp","href":"https:\/\/api.w.org\/{rel}","templated":true}]}}